{"id":355,"date":"2022-04-19T10:35:51","date_gmt":"2022-04-19T10:35:51","guid":{"rendered":"https:\/\/demosites.royal-elementor-addons.com\/personal-blog-v2\/?page_id=142"},"modified":"2024-12-02T15:16:45","modified_gmt":"2024-12-02T15:16:45","slug":"sobre-mi","status":"publish","type":"page","link":"https:\/\/sanoconamor.com\/index.php\/sobre-mi\/","title":{"rendered":"sobre-mi"},"content":{"rendered":"\t\t<div data-elementor-type=\"wp-page\" data-elementor-id=\"355\" class=\"elementor elementor-355\">\n\t\t\t\t\t\t<section class=\"elementor-section elementor-top-section elementor-element elementor-element-b6294ec elementor-section-boxed elementor-section-height-default elementor-section-height-default wpr-particle-no wpr-jarallax-no wpr-parallax-no wpr-sticky-section-no\" data-id=\"b6294ec\" data-element_type=\"section\">\n\t\t\t\t\t\t<div class=\"elementor-container elementor-column-gap-wide\">\n\t\t\t\t\t<div class=\"elementor-column elementor-col-50 elementor-top-column elementor-element elementor-element-59573c5\" data-id=\"59573c5\" data-element_type=\"column\">\n\t\t\t<div class=\"elementor-widget-wrap elementor-element-populated\">\n\t\t\t\t\t\t<div class=\"elementor-element elementor-element-0512a1c elementor-widget elementor-widget-image\" data-id=\"0512a1c\" data-element_type=\"widget\" data-widget_type=\"image.default\">\n\t\t\t\t<div class=\"elementor-widget-container\">\n\t\t\t\t\t\t\t\t\t\t\t\t\t\t\t<img decoding=\"async\" src=\"https:\/\/sanoconamor.com\/wp-content\/uploads\/elementor\/thumbs\/Mandy-29-scaled-qxld5y3dzx5phiqc8rieblq2ff93f9uk0ekm9mrds8.jpg\" title=\"Mandy 29\" alt=\"Mandy 29\" loading=\"lazy\" \/>\t\t\t\t\t\t\t\t\t\t\t\t\t\t\t<\/div>\n\t\t\t\t<\/div>\n\t\t\t\t<div class=\"elementor-element elementor-element-9888def elementor-widget elementor-widget-text-editor\" data-id=\"9888def\" data-element_type=\"widget\" data-widget_type=\"text-editor.default\">\n\t\t\t\t<div class=\"elementor-widget-container\">\n\t\t\t\t\t\t\t\t\t<p>\u00a1Hola! Soy Mandy, Fundadora de Sanoconamor y te quiero contar qu\u00e9 es lo que hago y el por qu\u00e9.<br>Creo que la felicidad est\u00e1 al alcance de todos y parte por la salud.<\/p>\n<p>Me motiva el ayudar y compartir mis conocimientos, experiencias y estilo de vida para generar un hermoso viaje, el m\u00e1s lindo, que se llama vida.<\/p>\n<p>El M\u00e9todo Sanoconamor nace el 2017 de manera natural, uniendo todas las piezas, los h\u00e1bitos<br>saludables f\u00edsicos y mentales en conjunci\u00f3n con la naturaleza, al ritmo de la flora y fauna son un gran ejemplo a seguir.<\/p>\t\t\t\t\t\t\t\t<\/div>\n\t\t\t\t<\/div>\n\t\t\t\t<div class=\"elementor-element elementor-element-b516fbd elementor-widget elementor-widget-heading\" data-id=\"b516fbd\" data-element_type=\"widget\" data-widget_type=\"heading.default\">\n\t\t\t\t<div class=\"elementor-widget-container\">\n\t\t\t\t\t<h2 class=\"elementor-heading-title elementor-size-default\">Si quieres conocer m\u00e1s de mi....<\/h2>\t\t\t\t<\/div>\n\t\t\t\t<\/div>\n\t\t\t\t<div class=\"elementor-element elementor-element-72c59b8 elementor-widget elementor-widget-text-editor\" data-id=\"72c59b8\" data-element_type=\"widget\" data-widget_type=\"text-editor.default\">\n\t\t\t\t<div class=\"elementor-widget-container\">\n\t\t\t\t\t\t\t\t\t<p>Te agradezco por estar aqu\u00ed. Esto significa que estamos en una frecuencia similar, nos estamos conectando.<\/p><p>La primera vez que entend\u00ed y comenc\u00e9 a hacerme cargo de mi misma ten\u00eda 16 a\u00f1os, y fue cuando comenc\u00e9 a leer y practicar metaf\u00edsica.<\/p><p>A los 21 a\u00f1os comenc\u00e9 a comer saludable, dej\u00e9 las carnes animales por opci\u00f3n personal y comenc\u00e9 a comer en abundancia frutas y verduras crudas, mi mente se expandi\u00f3.<\/p><p>A los 27 a\u00f1os gener\u00e9 en m\u00ed el h\u00e1bito de meditaci\u00f3n diaria y hasta el d\u00eda de hoy, con 43 a\u00f1os, como saludable, medito, entreno y tengo la certeza de que esta es la gran f\u00f3rmula de una vida plena, feliz, yo le llamo: Alimentaci\u00f3n F\u00edsica y Mental.<\/p><p>La comida saludable me proporciona defensas, claridad mental. El deporte me genera fuerza y flexibilidad, f\u00edsica y cerebral. La meditaci\u00f3n me trae constantemente al presente, me relaja y me libera de la presi\u00f3n y del apuro.<\/p><p>No soy la persona que nada le pasa, soy una humana que sabe c\u00f3mo llevar la vida con altos y<br \/>bajos, soy la humana que acepta la vida, la agradece y la disfruta en todos sus momentos.<br \/>He tenido la suerte de ayudar a miles de personas, he visto sus procesos y sus cambios, la magia es generar h\u00e1bitos, la magia es la voluntad y la perseverancia, la magia es humana.<\/p>\t\t\t\t\t\t\t\t<\/div>\n\t\t\t\t<\/div>\n\t\t\t\t<div class=\"elementor-element elementor-element-0611498 elementor-widget elementor-widget-text-editor\" data-id=\"0611498\" data-element_type=\"widget\" data-widget_type=\"text-editor.default\">\n\t\t\t\t<div class=\"elementor-widget-container\">\n\t\t\t\t\t\t\t\t\t<blockquote><p>Paz y tranquilidad es igual a felicidad.<\/p><\/blockquote>\t\t\t\t\t\t\t\t<\/div>\n\t\t\t\t<\/div>\n\t\t\t\t<section class=\"elementor-section elementor-inner-section elementor-element elementor-element-bd4bebc elementor-section-boxed elementor-section-height-default elementor-section-height-default wpr-particle-no wpr-jarallax-no wpr-parallax-no wpr-sticky-section-no\" data-id=\"bd4bebc\" data-element_type=\"section\">\n\t\t\t\t\t\t<div class=\"elementor-container elementor-column-gap-default\">\n\t\t\t\t\t<div class=\"elementor-column elementor-col-50 elementor-inner-column elementor-element elementor-element-026ad23\" data-id=\"026ad23\" data-element_type=\"column\">\n\t\t\t<div class=\"elementor-widget-wrap elementor-element-populated\">\n\t\t\t\t\t\t<div class=\"elementor-element elementor-element-2e85268 elementor-widget elementor-widget-image\" data-id=\"2e85268\" data-element_type=\"widget\" data-widget_type=\"image.default\">\n\t\t\t\t<div class=\"elementor-widget-container\">\n\t\t\t\t\t\t\t\t\t\t\t\t\t\t\t<img fetchpriority=\"high\" decoding=\"async\" width=\"684\" height=\"1024\" src=\"https:\/\/sanoconamor.com\/wp-content\/uploads\/2024\/11\/Mandy-36-684x1024.jpg\" class=\"attachment-large size-large wp-image-729\" alt=\"\" srcset=\"https:\/\/sanoconamor.com\/wp-content\/uploads\/2024\/11\/Mandy-36-684x1024.jpg 684w, https:\/\/sanoconamor.com\/wp-content\/uploads\/2024\/11\/Mandy-36-200x300.jpg 200w, https:\/\/sanoconamor.com\/wp-content\/uploads\/2024\/11\/Mandy-36-768x1150.jpg 768w, https:\/\/sanoconamor.com\/wp-content\/uploads\/2024\/11\/Mandy-36-1025x1536.jpg 1025w, https:\/\/sanoconamor.com\/wp-content\/uploads\/2024\/11\/Mandy-36-1367x2048.jpg 1367w, https:\/\/sanoconamor.com\/wp-content\/uploads\/2024\/11\/Mandy-36-scaled.jpg 1709w\" sizes=\"(max-width: 684px) 100vw, 684px\" \/>\t\t\t\t\t\t\t\t\t\t\t\t\t\t\t<\/div>\n\t\t\t\t<\/div>\n\t\t\t\t\t<\/div>\n\t\t<\/div>\n\t\t\t\t<div class=\"elementor-column elementor-col-50 elementor-inner-column elementor-element elementor-element-d2e369a\" data-id=\"d2e369a\" data-element_type=\"column\">\n\t\t\t<div class=\"elementor-widget-wrap elementor-element-populated\">\n\t\t\t\t\t\t<div class=\"elementor-element elementor-element-b152928 elementor-widget elementor-widget-text-editor\" data-id=\"b152928\" data-element_type=\"widget\" data-widget_type=\"text-editor.default\">\n\t\t\t\t<div class=\"elementor-widget-container\">\n\t\t\t\t\t\t\t\t\t<p>Chilena, hija, hermana, compa\u00f1era y amiga. Amante de la cocina, Chef basada en plantas, meditadora y amante de los deportes. Muy agradecida de esta vida y de mi instinto, que me ha llevado a cumplir mis sue\u00f1os como la libertad de ser lo que quiero ser, la libertad de trabajar en lo que amo.<\/p><p>Y aqu\u00ed estoy con la misi\u00f3n de ayudar y de que todos los seres seamos felices. Acompa\u00f1ando a personas en su proceso de autoconocimiento para un crecimiento y bienestar de vida.<\/p><p class=\"p1\">Escr\u00edbeme por whatsapp y te cuento m\u00e1s sobre el M\u00e9todo Sano con Amor \u00a1Conversemos!<\/p>\t\t\t\t\t\t\t\t<\/div>\n\t\t\t\t<\/div>\n\t\t\t\t\t<\/div>\n\t\t<\/div>\n\t\t\t\t\t<\/div>\n\t\t<\/section>\n\t\t\t\t<div class=\"elementor-element elementor-element-7f0db06 elementor-widget-divider--view-line elementor-widget elementor-widget-divider\" data-id=\"7f0db06\" data-element_type=\"widget\" data-widget_type=\"divider.default\">\n\t\t\t\t<div class=\"elementor-widget-container\">\n\t\t\t\t\t\t\t<div class=\"elementor-divider\">\n\t\t\t<span class=\"elementor-divider-separator\">\n\t\t\t\t\t\t<\/span>\n\t\t<\/div>\n\t\t\t\t\t\t<\/div>\n\t\t\t\t<\/div>\n\t\t\t\t<div class=\"elementor-element elementor-element-f83ab70 elementor-widget elementor-widget-heading\" data-id=\"f83ab70\" data-element_type=\"widget\" data-widget_type=\"heading.default\">\n\t\t\t\t<div class=\"elementor-widget-container\">\n\t\t\t\t\t<h2 class=\"elementor-heading-title elementor-size-default\">Mi formaci\u00f3n profesional<\/h2>\t\t\t\t<\/div>\n\t\t\t\t<\/div>\n\t\t\t\t<div class=\"elementor-element elementor-element-ae2589b elementor-widget elementor-widget-text-editor\" data-id=\"ae2589b\" data-element_type=\"widget\" data-widget_type=\"text-editor.default\">\n\t\t\t\t<div class=\"elementor-widget-container\">\n\t\t\t\t\t\t\t\t\t<ul><li>Trof\u00f3loga INAT M\u00e9xico<\/li><li>Instructora de Yoga Ananda Marga Chile<\/li><li>Diplomado en Alimentaci\u00f3n Humana ECHE Espa\u00f1a<\/li><li>Licenciada en Publicidad, Universidad de Santiago de Chile<\/li><li>Menci\u00f3n Marketing y Negocios Universidad de Santiago de Chile<\/li><\/ul>\t\t\t\t\t\t\t\t<\/div>\n\t\t\t\t<\/div>\n\t\t\t\t\t<\/div>\n\t\t<\/div>\n\t\t\t\t<div class=\"elementor-column elementor-col-50 elementor-top-column elementor-element elementor-element-0fe069d\" data-id=\"0fe069d\" data-element_type=\"column\">\n\t\t\t<div class=\"elementor-widget-wrap elementor-element-populated\">\n\t\t\t\t\t\t<div class=\"elementor-element elementor-element-794b21e elementor-widget elementor-widget-wpr-elementor-template\" data-id=\"794b21e\" data-element_type=\"widget\" data-widget_type=\"wpr-elementor-template.default\">\n\t\t\t\t<div class=\"elementor-widget-container\">\n\t\t\t\t\t<style>.elementor-229 .elementor-element.elementor-element-56f0fdfb > .elementor-container{max-width:350px;}.elementor-widget-heading .elementor-heading-title{font-family:var( --e-global-typography-primary-font-family ), Sans-serif;font-weight:var( --e-global-typography-primary-font-weight );color:var( --e-global-color-primary );}.elementor-229 .elementor-element.elementor-element-7361a6f6 > .elementor-widget-container{background-color:#F9EBF0;padding:10px 0px 10px 0px;}.elementor-229 .elementor-element.elementor-element-7361a6f6{text-align:center;}.elementor-229 .elementor-element.elementor-element-7361a6f6 .elementor-heading-title{font-family:\"Open Sans\", Sans-serif;font-size:11px;font-weight:400;text-transform:uppercase;line-height:1.3em;letter-spacing:1.5px;color:#444444;}.elementor-widget-image .widget-image-caption{color:var( --e-global-color-text );font-family:var( --e-global-typography-text-font-family ), Sans-serif;font-weight:var( --e-global-typography-text-font-weight );}.elementor-229 .elementor-element.elementor-element-f322fad img{width:73%;border-radius:100% 100% 100% 100%;}.elementor-widget-text-editor{font-family:var( --e-global-typography-text-font-family ), Sans-serif;font-weight:var( --e-global-typography-text-font-weight );color:var( --e-global-color-text );}.elementor-widget-text-editor.elementor-drop-cap-view-stacked .elementor-drop-cap{background-color:var( --e-global-color-primary );}.elementor-widget-text-editor.elementor-drop-cap-view-framed .elementor-drop-cap, .elementor-widget-text-editor.elementor-drop-cap-view-default .elementor-drop-cap{color:var( --e-global-color-primary );border-color:var( --e-global-color-primary );}.elementor-229 .elementor-element.elementor-element-280a88c8{text-align:center;font-family:\"Great Vibes\", Sans-serif;font-size:41px;font-style:italic;color:#666666;}.elementor-229 .elementor-element.elementor-element-f86e981{text-align:center;font-family:\"Open Sans\", Sans-serif;font-size:14px;font-style:italic;color:#666666;}.elementor-229 .elementor-element.elementor-element-af42b22 > .elementor-widget-container{background-color:#F9EBF0;margin:20px 0px 0px 0px;padding:10px 0px 10px 0px;}.elementor-229 .elementor-element.elementor-element-af42b22{text-align:center;}.elementor-229 .elementor-element.elementor-element-af42b22 .elementor-heading-title{font-family:\"Open Sans\", Sans-serif;font-size:11px;font-weight:400;text-transform:uppercase;line-height:1.3em;letter-spacing:1.5px;color:#444444;}.elementor-229 .elementor-element.elementor-element-14f6df72 .elementor-repeater-item-a188c8c.elementor-social-icon{background-color:#02010100;}.elementor-229 .elementor-element.elementor-element-14f6df72 .elementor-repeater-item-a188c8c.elementor-social-icon i{color:#444444;}.elementor-229 .elementor-element.elementor-element-14f6df72 .elementor-repeater-item-a188c8c.elementor-social-icon svg{fill:#444444;}.elementor-229 .elementor-element.elementor-element-14f6df72 .elementor-repeater-item-41da0fc.elementor-social-icon{background-color:#02010100;}.elementor-229 .elementor-element.elementor-element-14f6df72 .elementor-repeater-item-41da0fc.elementor-social-icon i{color:#444444;}.elementor-229 .elementor-element.elementor-element-14f6df72 .elementor-repeater-item-41da0fc.elementor-social-icon svg{fill:#444444;}.elementor-229 .elementor-element.elementor-element-14f6df72{--grid-template-columns:repeat(0, auto);--icon-size:14px;--grid-column-gap:9px;--grid-row-gap:0px;}.elementor-229 .elementor-element.elementor-element-14f6df72 .elementor-widget-container{text-align:center;}.elementor-229 .elementor-element.elementor-element-14f6df72 .elementor-social-icon{--icon-padding:0.6em;border-style:solid;border-width:1px 1px 1px 1px;border-color:#D896AC;}.elementor-229 .elementor-element.elementor-element-14f6df72 .elementor-icon{border-radius:30px 30px 30px 30px;}@media(max-width:1024px){.elementor-229 .elementor-element.elementor-element-280a88c8{font-size:12px;}.elementor-229 .elementor-element.elementor-element-f86e981{font-size:12px;}.elementor-229 .elementor-element.elementor-element-14f6df72{--icon-size:12px;}.elementor-229 .elementor-element.elementor-element-14f6df72 .elementor-social-icon{--icon-padding:0.4em;}}@media(max-width:767px){.elementor-229 .elementor-element.elementor-element-280a88c8{font-size:14px;}.elementor-229 .elementor-element.elementor-element-f86e981{font-size:14px;}.elementor-229 .elementor-element.elementor-element-14f6df72 .elementor-widget-container{text-align:center;}.elementor-229 .elementor-element.elementor-element-14f6df72{--icon-size:13px;--grid-column-gap:11px;}.elementor-229 .elementor-element.elementor-element-14f6df72 .elementor-social-icon{--icon-padding:0.8em;}}<\/style>\t\t<div data-elementor-type=\"section\" data-elementor-id=\"229\" class=\"elementor elementor-229\">\n\t\t\t\t\t\t<section class=\"elementor-section elementor-top-section elementor-element elementor-element-56f0fdfb elementor-section-boxed elementor-section-height-default elementor-section-height-default wpr-particle-no wpr-jarallax-no wpr-parallax-no wpr-sticky-section-no\" data-id=\"56f0fdfb\" data-element_type=\"section\">\n\t\t\t\t\t\t<div class=\"elementor-container elementor-column-gap-no\">\n\t\t\t\t\t<div class=\"elementor-column elementor-col-100 elementor-top-column elementor-element elementor-element-50699dc6\" data-id=\"50699dc6\" data-element_type=\"column\">\n\t\t\t<div class=\"elementor-widget-wrap elementor-element-populated\">\n\t\t\t\t\t\t<div class=\"elementor-element elementor-element-7361a6f6 elementor-widget elementor-widget-heading\" data-id=\"7361a6f6\" data-element_type=\"widget\" data-widget_type=\"heading.default\">\n\t\t\t\t<div class=\"elementor-widget-container\">\n\t\t\t\t\t<h2 class=\"elementor-heading-title elementor-size-default\">mi motivaci\u00f3n<\/h2>\t\t\t\t<\/div>\n\t\t\t\t<\/div>\n\t\t\t\t<div class=\"elementor-element elementor-element-f322fad elementor-widget elementor-widget-image\" data-id=\"f322fad\" data-element_type=\"widget\" data-widget_type=\"image.default\">\n\t\t\t\t<div class=\"elementor-widget-container\">\n\t\t\t\t\t\t\t\t\t\t\t\t\t\t\t\t<a href=\"https:\/\/demosites.royal-elementor-addons.com\/personal-blog-v2\/about\/\" target=\"_blank\">\n\t\t\t\t\t\t\t<img decoding=\"async\" width=\"726\" height=\"648\" src=\"https:\/\/sanoconamor.com\/wp-content\/uploads\/2022\/04\/LOGO-SANO-CON-AMOR-COLOR-e1728342660994.png\" class=\"attachment-large size-large wp-image-523\" alt=\"\" srcset=\"https:\/\/sanoconamor.com\/wp-content\/uploads\/2022\/04\/LOGO-SANO-CON-AMOR-COLOR-e1728342660994.png 726w, https:\/\/sanoconamor.com\/wp-content\/uploads\/2022\/04\/LOGO-SANO-CON-AMOR-COLOR-e1728342660994-300x268.png 300w\" sizes=\"(max-width: 726px) 100vw, 726px\" \/>\t\t\t\t\t\t\t\t<\/a>\n\t\t\t\t\t\t\t\t\t\t\t\t\t\t\t<\/div>\n\t\t\t\t<\/div>\n\t\t\t\t<div class=\"elementor-element elementor-element-280a88c8 elementor-widget elementor-widget-text-editor\" data-id=\"280a88c8\" data-element_type=\"widget\" data-widget_type=\"text-editor.default\">\n\t\t\t\t<div class=\"elementor-widget-container\">\n\t\t\t\t\t\t\t\t\t<p>Sano con Amor<\/p>\t\t\t\t\t\t\t\t<\/div>\n\t\t\t\t<\/div>\n\t\t\t\t<div class=\"elementor-element elementor-element-f86e981 elementor-widget elementor-widget-text-editor\" data-id=\"f86e981\" data-element_type=\"widget\" data-widget_type=\"text-editor.default\">\n\t\t\t\t<div class=\"elementor-widget-container\">\n\t\t\t\t\t\t\t\t\t<p>Podemos lograr salud y bienestar por medio de la alimentaci\u00f3n saludable f\u00edsica y mental. De esto se trata el M\u00e9todo Sano con Amor.<\/p>\t\t\t\t\t\t\t\t<\/div>\n\t\t\t\t<\/div>\n\t\t\t\t<div class=\"elementor-element elementor-element-af42b22 elementor-widget elementor-widget-heading\" data-id=\"af42b22\" data-element_type=\"widget\" data-widget_type=\"heading.default\">\n\t\t\t\t<div class=\"elementor-widget-container\">\n\t\t\t\t\t<h2 class=\"elementor-heading-title elementor-size-default\">\u00a1S\u00edgueme en Redes Sociales!<\/h2>\t\t\t\t<\/div>\n\t\t\t\t<\/div>\n\t\t\t\t<div class=\"elementor-element elementor-element-14f6df72 e-grid-align-mobile-center elementor-shape-rounded elementor-grid-0 e-grid-align-center elementor-widget elementor-widget-social-icons\" data-id=\"14f6df72\" data-element_type=\"widget\" data-widget_type=\"social-icons.default\">\n\t\t\t\t<div class=\"elementor-widget-container\">\n\t\t\t\t\t\t\t<div class=\"elementor-social-icons-wrapper elementor-grid\" role=\"list\">\n\t\t\t\t\t\t\t<span class=\"elementor-grid-item\" role=\"listitem\">\n\t\t\t\t\t<a class=\"elementor-icon elementor-social-icon elementor-social-icon-facebook-f elementor-repeater-item-a188c8c\" target=\"_blank\">\n\t\t\t\t\t\t<span class=\"elementor-screen-only\">Facebook-f<\/span>\n\t\t\t\t\t\t<svg aria-hidden=\"true\" class=\"e-font-icon-svg e-fab-facebook-f\" viewBox=\"0 0 320 512\" xmlns=\"http:\/\/www.w3.org\/2000\/svg\"><path d=\"M279.14 288l14.22-92.66h-88.91v-60.13c0-25.35 12.42-50.06 52.24-50.06h40.42V6.26S260.43 0 225.36 0c-73.22 0-121.08 44.38-121.08 124.72v70.62H22.89V288h81.39v224h100.17V288z\"><\/path><\/svg>\t\t\t\t\t<\/a>\n\t\t\t\t<\/span>\n\t\t\t\t\t\t\t<span class=\"elementor-grid-item\" role=\"listitem\">\n\t\t\t\t\t<a class=\"elementor-icon elementor-social-icon elementor-social-icon-instagram elementor-repeater-item-41da0fc\" target=\"_blank\">\n\t\t\t\t\t\t<span class=\"elementor-screen-only\">Instagram<\/span>\n\t\t\t\t\t\t<svg aria-hidden=\"true\" class=\"e-font-icon-svg e-fab-instagram\" viewBox=\"0 0 448 512\" xmlns=\"http:\/\/www.w3.org\/2000\/svg\"><path d=\"M224.1 141c-63.6 0-114.9 51.3-114.9 114.9s51.3 114.9 114.9 114.9S339 319.5 339 255.9 287.7 141 224.1 141zm0 189.6c-41.1 0-74.7-33.5-74.7-74.7s33.5-74.7 74.7-74.7 74.7 33.5 74.7 74.7-33.6 74.7-74.7 74.7zm146.4-194.3c0 14.9-12 26.8-26.8 26.8-14.9 0-26.8-12-26.8-26.8s12-26.8 26.8-26.8 26.8 12 26.8 26.8zm76.1 27.2c-1.7-35.9-9.9-67.7-36.2-93.9-26.2-26.2-58-34.4-93.9-36.2-37-2.1-147.9-2.1-184.9 0-35.8 1.7-67.6 9.9-93.9 36.1s-34.4 58-36.2 93.9c-2.1 37-2.1 147.9 0 184.9 1.7 35.9 9.9 67.7 36.2 93.9s58 34.4 93.9 36.2c37 2.1 147.9 2.1 184.9 0 35.9-1.7 67.7-9.9 93.9-36.2 26.2-26.2 34.4-58 36.2-93.9 2.1-37 2.1-147.8 0-184.8zM398.8 388c-7.8 19.6-22.9 34.7-42.6 42.6-29.5 11.7-99.5 9-132.1 9s-102.7 2.6-132.1-9c-19.6-7.8-34.7-22.9-42.6-42.6-11.7-29.5-9-99.5-9-132.1s-2.6-102.7 9-132.1c7.8-19.6 22.9-34.7 42.6-42.6 29.5-11.7 99.5-9 132.1-9s102.7-2.6 132.1 9c19.6 7.8 34.7 22.9 42.6 42.6 11.7 29.5 9 99.5 9 132.1s2.7 102.7-9 132.1z\"><\/path><\/svg>\t\t\t\t\t<\/a>\n\t\t\t\t<\/span>\n\t\t\t\t\t<\/div>\n\t\t\t\t\t\t<\/div>\n\t\t\t\t<\/div>\n\t\t\t\t\t<\/div>\n\t\t<\/div>\n\t\t\t\t\t<\/div>\n\t\t<\/section>\n\t\t\t\t<\/div>\n\t\t<span class=\"wpr-template-edit-btn\" data-permalink=\"https:\/\/sanoconamor.com\/?elementor_library=side-bar\">Edit Template<\/span>\t\t\t\t<\/div>\n\t\t\t\t<\/div>\n\t\t\t\t\t<\/div>\n\t\t<\/div>\n\t\t\t\t\t<\/div>\n\t\t<\/section>\n\t\t\t\t<\/div>\n\t\t","protected":false},"excerpt":{"rendered":"<p>\u00a1Hola! Soy Mandy, Fundadora de Sanoconamor y te quiero contar qu\u00e9 es lo que hago y el por qu\u00e9.Creo que la felicidad est\u00e1 al alcance de todos y parte por la salud. Me motiva el ayudar y compartir mis conocimientos, experiencias y estilo de vida para generar un hermoso viaje, el m\u00e1s lindo, que se llama vida. El M\u00e9todo Sanoconamor nace el 2017 de manera natural, uniendo todas las piezas, los h\u00e1bitossaludables f\u00edsicos y mentales en conjunci\u00f3n con la naturaleza, al ritmo de la flora y fauna son un gran ejemplo a seguir. Si quieres conocer m\u00e1s de mi&#8230;. Te agradezco por estar aqu\u00ed. Esto significa que estamos en una frecuencia similar, nos estamos conectando. La primera vez que entend\u00ed y comenc\u00e9 a hacerme cargo de mi misma ten\u00eda 16 a\u00f1os, y fue cuando comenc\u00e9 a leer y practicar metaf\u00edsica. A los 21 a\u00f1os comenc\u00e9 a comer saludable, dej\u00e9 las carnes animales por opci\u00f3n personal y comenc\u00e9 a comer en abundancia frutas y verduras crudas, mi mente se expandi\u00f3. A los 27 a\u00f1os gener\u00e9 en m\u00ed el h\u00e1bito de meditaci\u00f3n diaria y hasta el d\u00eda de hoy, con 43 a\u00f1os, como saludable, medito, entreno y tengo la certeza de que esta es la gran f\u00f3rmula de una vida plena, feliz, yo le llamo: Alimentaci\u00f3n F\u00edsica y Mental. La comida saludable me proporciona defensas, claridad mental. El deporte me genera fuerza y flexibilidad, f\u00edsica y cerebral. La meditaci\u00f3n me trae constantemente al presente, me relaja y me libera de la presi\u00f3n y del apuro. No soy la persona que nada le pasa, soy una humana que sabe c\u00f3mo llevar la vida con altos ybajos, soy la humana que acepta la vida, la agradece y la disfruta en todos sus momentos.He tenido la suerte de ayudar a miles de personas, he visto sus procesos y sus cambios, la magia es generar h\u00e1bitos, la magia es la voluntad y la perseverancia, la magia es humana. Paz y tranquilidad es igual a felicidad. Chilena, hija, hermana, compa\u00f1era y amiga. Amante de la cocina, Chef basada en plantas, meditadora y amante de los deportes. Muy agradecida de esta vida y de mi instinto, que me ha llevado a cumplir mis sue\u00f1os como la libertad de ser lo que quiero ser, la libertad de trabajar en lo que amo. Y aqu\u00ed estoy con la misi\u00f3n de ayudar y de que todos los seres seamos felices. Acompa\u00f1ando a personas en su proceso de autoconocimiento para un crecimiento y bienestar de vida. Escr\u00edbeme por whatsapp y te cuento m\u00e1s sobre el M\u00e9todo Sano con Amor \u00a1Conversemos! Mi formaci\u00f3n profesional Trof\u00f3loga INAT M\u00e9xico Instructora de Yoga Ananda Marga Chile Diplomado en Alimentaci\u00f3n Humana ECHE Espa\u00f1a Licenciada en Publicidad, Universidad de Santiago de Chile Menci\u00f3n Marketing y Negocios Universidad de Santiago de Chile mi motivaci\u00f3n Sano con Amor Podemos lograr salud y bienestar por medio de la alimentaci\u00f3n saludable f\u00edsica y mental. De esto se trata el M\u00e9todo Sano con Amor. \u00a1S\u00edgueme en Redes Sociales! Facebook-f Instagram Edit Template<\/p>\n","protected":false},"author":1,"featured_media":0,"parent":0,"menu_order":0,"comment_status":"closed","ping_status":"closed","template":"elementor_canvas","meta":{"footnotes":""},"class_list":["post-355","page","type-page","status-publish","hentry"],"_links":{"self":[{"href":"https:\/\/sanoconamor.com\/index.php\/wp-json\/wp\/v2\/pages\/355","targetHints":{"allow":["GET"]}}],"collection":[{"href":"https:\/\/sanoconamor.com\/index.php\/wp-json\/wp\/v2\/pages"}],"about":[{"href":"https:\/\/sanoconamor.com\/index.php\/wp-json\/wp\/v2\/types\/page"}],"author":[{"embeddable":true,"href":"https:\/\/sanoconamor.com\/index.php\/wp-json\/wp\/v2\/users\/1"}],"replies":[{"embeddable":true,"href":"https:\/\/sanoconamor.com\/index.php\/wp-json\/wp\/v2\/comments?post=355"}],"version-history":[{"count":16,"href":"https:\/\/sanoconamor.com\/index.php\/wp-json\/wp\/v2\/pages\/355\/revisions"}],"predecessor-version":[{"id":949,"href":"https:\/\/sanoconamor.com\/index.php\/wp-json\/wp\/v2\/pages\/355\/revisions\/949"}],"wp:attachment":[{"href":"https:\/\/sanoconamor.com\/index.php\/wp-json\/wp\/v2\/media?parent=355"}],"curies":[{"name":"wp","href":"https:\/\/api.w.org\/{rel}","templated":true}]}}